{"id":308,"date":"2024-04-30T18:44:36","date_gmt":"2024-04-30T16:44:36","guid":{"rendered":"https:\/\/alfcan.shop\/?page_id=308"},"modified":"2024-05-10T14:02:02","modified_gmt":"2024-05-10T12:02:02","slug":"sal","status":"publish","type":"page","link":"https:\/\/alfcan.shop\/?page_id=308","title":{"rendered":"SAl"},"content":{"rendered":"\t\t<div data-elementor-type=\"wp-page\" data-elementor-id=\"308\" class=\"elementor elementor-308\" data-elementor-post-type=\"page\">\n\t\t\t\t\t\t<section class=\"elementor-section elementor-top-section elementor-element elementor-element-470618a9 elementor-section-content-middle elementor-section-boxed elementor-section-height-default elementor-section-height-default\" data-id=\"470618a9\" data-element_type=\"section\" data-settings=\"{&quot;background_background&quot;:&quot;classic&quot;,&quot;shape_divider_bottom&quot;:&quot;waves&quot;,&quot;shape_divider_bottom_negative&quot;:&quot;yes&quot;}\">\n\t\t\t\t\t\t\t<div class=\"elementor-background-overlay\"><\/div>\n\t\t\t\t\t\t<div class=\"elementor-shape elementor-shape-bottom\" data-negative=\"true\">\n\t\t\t<svg xmlns=\"http:\/\/www.w3.org\/2000\/svg\" viewBox=\"0 0 1000 100\" preserveAspectRatio=\"none\">\n\t<path class=\"elementor-shape-fill\" d=\"M790.5,93.1c-59.3-5.3-116.8-18-192.6-50c-29.6-12.7-76.9-31-100.5-35.9c-23.6-4.9-52.6-7.8-75.5-5.3\n\tc-10.2,1.1-22.6,1.4-50.1,7.4c-27.2,6.3-58.2,16.6-79.4,24.7c-41.3,15.9-94.9,21.9-134,22.6C72,58.2,0,25.8,0,25.8V100h1000V65.3\n\tc0,0-51.5,19.4-106.2,25.7C839.5,97,814.1,95.2,790.5,93.1z\"\/>\n<\/svg>\t\t<\/div>\n\t\t\t\t\t<div class=\"elementor-container elementor-column-gap-default\">\n\t\t\t\t\t<div class=\"elementor-column elementor-col-50 elementor-top-column elementor-element elementor-element-77cece81\" data-id=\"77cece81\" data-element_type=\"column\">\n\t\t\t<div class=\"elementor-widget-wrap elementor-element-populated\">\n\t\t\t\t\t\t<div class=\"elementor-element elementor-element-fbd70f6 elementor-invisible elementor-widget elementor-widget-heading\" data-id=\"fbd70f6\" data-element_type=\"widget\" data-settings=\"{&quot;_animation&quot;:&quot;fadeInUp&quot;}\" data-widget_type=\"heading.default\">\n\t\t\t\t<div class=\"elementor-widget-container\">\n\t\t\t\t\t<h1 class=\"elementor-heading-title elementor-size-default\">Salchichas<\/h1>\t\t\t\t<\/div>\n\t\t\t\t<\/div>\n\t\t\t\t\t<\/div>\n\t\t<\/div>\n\t\t\t\t<div class=\"elementor-column elementor-col-50 elementor-top-column elementor-element elementor-element-6f4464ec\" data-id=\"6f4464ec\" data-element_type=\"column\">\n\t\t\t<div class=\"elementor-widget-wrap elementor-element-populated\">\n\t\t\t\t\t\t<div class=\"elementor-element elementor-element-41f9a74e elementor-invisible elementor-widget elementor-widget-image\" data-id=\"41f9a74e\" data-element_type=\"widget\" data-settings=\"{&quot;_animation&quot;:&quot;bounceInUp&quot;}\" data-widget_type=\"image.default\">\n\t\t\t\t<div class=\"elementor-widget-container\">\n\t\t\t\t\t\t\t\t\t\t\t\t\t\t\t<img fetchpriority=\"high\" decoding=\"async\" width=\"720\" height=\"500\" src=\"https:\/\/alfcan.shop\/wp-content\/uploads\/2024\/02\/cat_dog_.png\" class=\"attachment-large size-large wp-image-32\" alt=\"\" srcset=\"https:\/\/alfcan.shop\/wp-content\/uploads\/2024\/02\/cat_dog_.png 720w, https:\/\/alfcan.shop\/wp-content\/uploads\/2024\/02\/cat_dog_-600x417.png 600w, https:\/\/alfcan.shop\/wp-content\/uploads\/2024\/02\/cat_dog_-300x208.png 300w\" sizes=\"(max-width: 720px) 100vw, 720px\" \/>\t\t\t\t\t\t\t\t\t\t\t\t\t\t\t<\/div>\n\t\t\t\t<\/div>\n\t\t\t\t\t<\/div>\n\t\t<\/div>\n\t\t\t\t\t<\/div>\n\t\t<\/section>\n\t\t\t\t<section class=\"elementor-section elementor-top-section elementor-element elementor-element-5813e039 elementor-section-boxed elementor-section-height-default elementor-section-height-default\" data-id=\"5813e039\" data-element_type=\"section\">\n\t\t\t\t\t\t<div class=\"elementor-container elementor-column-gap-default\">\n\t\t\t\t\t<div class=\"elementor-column elementor-col-100 elementor-top-column elementor-element elementor-element-452a8287\" data-id=\"452a8287\" data-element_type=\"column\">\n\t\t\t<div class=\"elementor-widget-wrap elementor-element-populated\">\n\t\t\t\t\t\t<section class=\"elementor-section elementor-inner-section elementor-element elementor-element-668484c2 elementor-section-boxed elementor-section-height-default elementor-section-height-default\" data-id=\"668484c2\" data-element_type=\"section\">\n\t\t\t\t\t\t<div class=\"elementor-container elementor-column-gap-default\">\n\t\t\t\t\t<div class=\"elementor-column elementor-col-20 elementor-inner-column elementor-element elementor-element-2988ffee\" data-id=\"2988ffee\" data-element_type=\"column\" data-settings=\"{&quot;background_background&quot;:&quot;classic&quot;}\">\n\t\t\t<div class=\"elementor-widget-wrap elementor-element-populated\">\n\t\t\t\t\t\t<div class=\"elementor-element elementor-element-10b35a42 elementor-position-top elementor-widget elementor-widget-image-box\" data-id=\"10b35a42\" data-element_type=\"widget\" data-widget_type=\"image-box.default\">\n\t\t\t\t<div class=\"elementor-widget-container\">\n\t\t\t\t\t<div class=\"elementor-image-box-wrapper\"><figure class=\"elementor-image-box-img\"><a href=\"https:\/\/alfcan.shop\/?page_id=279\" tabindex=\"-1\"><img decoding=\"async\" src=\"https:\/\/alfcan.shop\/wp-content\/uploads\/2024\/02\/cat-1.png\" title=\"cat.png\" alt=\"cat.png\" loading=\"lazy\" \/><\/a><\/figure><div class=\"elementor-image-box-content\"><div class=\"elementor-image-box-title\"><a href=\"https:\/\/alfcan.shop\/?page_id=279\">Gato<\/a><\/div><\/div><\/div>\t\t\t\t<\/div>\n\t\t\t\t<\/div>\n\t\t\t\t\t<\/div>\n\t\t<\/div>\n\t\t\t\t<div class=\"elementor-column elementor-col-20 elementor-inner-column elementor-element elementor-element-51f1fb33\" data-id=\"51f1fb33\" data-element_type=\"column\" data-settings=\"{&quot;background_background&quot;:&quot;classic&quot;}\">\n\t\t\t<div class=\"elementor-widget-wrap elementor-element-populated\">\n\t\t\t\t\t\t<div class=\"elementor-element elementor-element-6743680e elementor-position-top elementor-widget elementor-widget-image-box\" data-id=\"6743680e\" data-element_type=\"widget\" data-widget_type=\"image-box.default\">\n\t\t\t\t<div class=\"elementor-widget-container\">\n\t\t\t\t\t<div class=\"elementor-image-box-wrapper\"><figure class=\"elementor-image-box-img\"><a href=\"https:\/\/alfcan.shop\/?page_id=292\" tabindex=\"-1\"><img decoding=\"async\" src=\"https:\/\/alfcan.shop\/wp-content\/uploads\/2024\/02\/bone.png\" title=\"bone.png\" alt=\"bone.png\" loading=\"lazy\" \/><\/a><\/figure><div class=\"elementor-image-box-content\"><div class=\"elementor-image-box-title\"><a href=\"https:\/\/alfcan.shop\/?page_id=292\">Perro<\/a><\/div><\/div><\/div>\t\t\t\t<\/div>\n\t\t\t\t<\/div>\n\t\t\t\t\t<\/div>\n\t\t<\/div>\n\t\t\t\t<div class=\"elementor-column elementor-col-20 elementor-inner-column elementor-element elementor-element-5c07f9fa\" data-id=\"5c07f9fa\" data-element_type=\"column\" data-settings=\"{&quot;background_background&quot;:&quot;classic&quot;}\">\n\t\t\t<div class=\"elementor-widget-wrap elementor-element-populated\">\n\t\t\t\t\t\t<div class=\"elementor-element elementor-element-4066f17c elementor-position-top elementor-widget elementor-widget-image-box\" data-id=\"4066f17c\" data-element_type=\"widget\" data-widget_type=\"image-box.default\">\n\t\t\t\t<div class=\"elementor-widget-container\">\n\t\t\t\t\t<div class=\"elementor-image-box-wrapper\"><figure class=\"elementor-image-box-img\"><a href=\"https:\/\/alfcan.shop\/?page_id=262\" tabindex=\"-1\"><img decoding=\"async\" src=\"https:\/\/alfcan.shop\/wp-content\/uploads\/2024\/04\/lata-gato.png\" title=\"lata-gato\" alt=\"lata gato alfcan\" loading=\"lazy\" \/><\/a><\/figure><div class=\"elementor-image-box-content\"><div class=\"elementor-image-box-title\"><a href=\"https:\/\/alfcan.shop\/?page_id=262\">Latas<\/a><\/div><\/div><\/div>\t\t\t\t<\/div>\n\t\t\t\t<\/div>\n\t\t\t\t\t<\/div>\n\t\t<\/div>\n\t\t\t\t<div class=\"elementor-column elementor-col-20 elementor-inner-column elementor-element elementor-element-1c27652c\" data-id=\"1c27652c\" data-element_type=\"column\" data-settings=\"{&quot;background_background&quot;:&quot;classic&quot;}\">\n\t\t\t<div class=\"elementor-widget-wrap elementor-element-populated\">\n\t\t\t\t\t\t<div class=\"elementor-element elementor-element-3ec9cfff elementor-position-top elementor-widget elementor-widget-image-box\" data-id=\"3ec9cfff\" data-element_type=\"widget\" data-widget_type=\"image-box.default\">\n\t\t\t\t<div class=\"elementor-widget-container\">\n\t\t\t\t\t<div class=\"elementor-image-box-wrapper\"><figure class=\"elementor-image-box-img\"><a href=\"#\" tabindex=\"-1\"><img decoding=\"async\" src=\"https:\/\/alfcan.shop\/wp-content\/uploads\/2024\/04\/salchicha.png\" title=\"salchicha\" alt=\"salchicha\" loading=\"lazy\" \/><\/a><\/figure><div class=\"elementor-image-box-content\"><div class=\"elementor-image-box-title\"><a href=\"#\">Salchichas<\/a><\/div><\/div><\/div>\t\t\t\t<\/div>\n\t\t\t\t<\/div>\n\t\t\t\t\t<\/div>\n\t\t<\/div>\n\t\t\t\t<div class=\"elementor-column elementor-col-20 elementor-inner-column elementor-element elementor-element-eb93fc\" data-id=\"eb93fc\" data-element_type=\"column\" data-settings=\"{&quot;background_background&quot;:&quot;classic&quot;}\">\n\t\t\t<div class=\"elementor-widget-wrap elementor-element-populated\">\n\t\t\t\t\t\t<div class=\"elementor-element elementor-element-1874b975 elementor-position-top elementor-widget elementor-widget-image-box\" data-id=\"1874b975\" data-element_type=\"widget\" data-widget_type=\"image-box.default\">\n\t\t\t\t<div class=\"elementor-widget-container\">\n\t\t\t\t\t<div class=\"elementor-image-box-wrapper\"><figure class=\"elementor-image-box-img\"><a href=\"#\" tabindex=\"-1\"><img decoding=\"async\" src=\"https:\/\/alfcan.shop\/wp-content\/uploads\/2024\/04\/juguete.png\" title=\"juguete\" alt=\"juguete alfcan\" loading=\"lazy\" \/><\/a><\/figure><div class=\"elementor-image-box-content\"><div class=\"elementor-image-box-title\"><a href=\"#\">Juguetes<\/a><\/div><\/div><\/div>\t\t\t\t<\/div>\n\t\t\t\t<\/div>\n\t\t\t\t\t<\/div>\n\t\t<\/div>\n\t\t\t\t\t<\/div>\n\t\t<\/section>\n\t\t\t\t<div class=\"elementor-element elementor-element-0e2131a elementor-grid-4 elementor-grid-tablet-3 elementor-grid-mobile-2 elementor-products-grid elementor-wc-products elementor-widget elementor-widget-woocommerce-products\" data-id=\"0e2131a\" data-element_type=\"widget\" data-widget_type=\"woocommerce-products.default\">\n\t\t\t\t<div class=\"elementor-widget-container\">\n\t\t\t\t\t<div class=\"woocommerce columns-4 \"><ul class=\"products elementor-grid columns-4\">\n<li class=\"product type-product post-217 status-publish first instock product_cat-perro product_cat-salchicha product_tag-perro product_tag-salchicha has-post-thumbnail shipping-taxable product-type-simple\">\n\t<a href=\"https:\/\/alfcan.shop\/?product=salchichas-de-cerdo-alfcan-con-verduras-para-perros\" class=\"woocommerce-LoopProduct-link woocommerce-loop-product__link\"><img decoding=\"async\" width=\"300\" height=\"300\" src=\"https:\/\/alfcan.shop\/wp-content\/uploads\/2024\/04\/SALCHICAS-1-KG-CV-CERDO-300x300.png\" class=\"attachment-woocommerce_thumbnail size-woocommerce_thumbnail\" alt=\"Salchichas de Cerdo ALFCAN\u2122 con Verduras para Perros\" srcset=\"https:\/\/alfcan.shop\/wp-content\/uploads\/2024\/04\/SALCHICAS-1-KG-CV-CERDO-300x300.png 300w, https:\/\/alfcan.shop\/wp-content\/uploads\/2024\/04\/SALCHICAS-1-KG-CV-CERDO-1024x1024.png 1024w, https:\/\/alfcan.shop\/wp-content\/uploads\/2024\/04\/SALCHICAS-1-KG-CV-CERDO-150x150.png 150w, https:\/\/alfcan.shop\/wp-content\/uploads\/2024\/04\/SALCHICAS-1-KG-CV-CERDO-768x768.png 768w, https:\/\/alfcan.shop\/wp-content\/uploads\/2024\/04\/SALCHICAS-1-KG-CV-CERDO-600x600.png 600w, https:\/\/alfcan.shop\/wp-content\/uploads\/2024\/04\/SALCHICAS-1-KG-CV-CERDO-100x100.png 100w, https:\/\/alfcan.shop\/wp-content\/uploads\/2024\/04\/SALCHICAS-1-KG-CV-CERDO.png 1200w\" sizes=\"(max-width: 300px) 100vw, 300px\" \/><h2 class=\"woocommerce-loop-product__title\">Salchichas de Cerdo ALFCAN\u2122 con Verduras para Perros 1 kg<\/h2>\n<\/a><a href=\"https:\/\/alfcan.shop\/?product=salchichas-de-cerdo-alfcan-con-verduras-para-perros\" aria-describedby=\"woocommerce_loop_add_to_cart_link_describedby_217\" data-quantity=\"1\" class=\"button product_type_simple\" data-product_id=\"217\" data-product_sku=\"\" aria-label=\"Read more about &ldquo;Salchichas de Cerdo ALFCAN\u2122 con Verduras para Perros 1 kg&rdquo;\" rel=\"nofollow\">Read more<\/a><span id=\"woocommerce_loop_add_to_cart_link_describedby_217\" class=\"screen-reader-text\">\n\t<\/span>\n<\/li>\n<li class=\"product type-product post-215 status-publish instock product_cat-perro product_cat-salchicha product_tag-perro product_tag-salchicha has-post-thumbnail shipping-taxable product-type-simple\">\n\t<a href=\"https:\/\/alfcan.shop\/?product=salchichas-de-pescado-alfcan-con-verduras-para-perros\" class=\"woocommerce-LoopProduct-link woocommerce-loop-product__link\"><img decoding=\"async\" width=\"300\" height=\"300\" src=\"https:\/\/alfcan.shop\/wp-content\/uploads\/2024\/04\/PESCADO-300x300.png\" class=\"attachment-woocommerce_thumbnail size-woocommerce_thumbnail\" alt=\"Salchichas de Pescado ALFCAN\u2122 con Verduras para Perros\" srcset=\"https:\/\/alfcan.shop\/wp-content\/uploads\/2024\/04\/PESCADO-300x300.png 300w, https:\/\/alfcan.shop\/wp-content\/uploads\/2024\/04\/PESCADO-1024x1024.png 1024w, https:\/\/alfcan.shop\/wp-content\/uploads\/2024\/04\/PESCADO-150x150.png 150w, https:\/\/alfcan.shop\/wp-content\/uploads\/2024\/04\/PESCADO-768x768.png 768w, https:\/\/alfcan.shop\/wp-content\/uploads\/2024\/04\/PESCADO-600x600.png 600w, https:\/\/alfcan.shop\/wp-content\/uploads\/2024\/04\/PESCADO-100x100.png 100w, https:\/\/alfcan.shop\/wp-content\/uploads\/2024\/04\/PESCADO.png 1200w\" sizes=\"(max-width: 300px) 100vw, 300px\" \/><h2 class=\"woocommerce-loop-product__title\">Salchichas de Pescado ALFCAN\u2122 con Verduras para Perros 1 kg<\/h2>\n<\/a><a href=\"https:\/\/alfcan.shop\/?product=salchichas-de-pescado-alfcan-con-verduras-para-perros\" aria-describedby=\"woocommerce_loop_add_to_cart_link_describedby_215\" data-quantity=\"1\" class=\"button product_type_simple\" data-product_id=\"215\" data-product_sku=\"\" aria-label=\"Read more about &ldquo;Salchichas de Pescado ALFCAN\u2122 con Verduras para Perros 1 kg&rdquo;\" rel=\"nofollow\">Read more<\/a><span id=\"woocommerce_loop_add_to_cart_link_describedby_215\" class=\"screen-reader-text\">\n\t<\/span>\n<\/li>\n<li class=\"product type-product post-213 status-publish instock product_cat-perro product_cat-salchicha product_tag-perro product_tag-salchicha has-post-thumbnail shipping-taxable product-type-simple\">\n\t<a href=\"https:\/\/alfcan.shop\/?product=salchichas-de-pollo-alfcan-con-verduras-para-perros\" class=\"woocommerce-LoopProduct-link woocommerce-loop-product__link\"><img loading=\"lazy\" decoding=\"async\" width=\"300\" height=\"300\" src=\"https:\/\/alfcan.shop\/wp-content\/uploads\/2024\/04\/SALCHICAS-1-KG-CV-POLLO-300x300.png\" class=\"attachment-woocommerce_thumbnail size-woocommerce_thumbnail\" alt=\"Salchichas de Pollo ALFCAN\u2122 con Verduras para Perros\" srcset=\"https:\/\/alfcan.shop\/wp-content\/uploads\/2024\/04\/SALCHICAS-1-KG-CV-POLLO-300x300.png 300w, https:\/\/alfcan.shop\/wp-content\/uploads\/2024\/04\/SALCHICAS-1-KG-CV-POLLO-1024x1024.png 1024w, https:\/\/alfcan.shop\/wp-content\/uploads\/2024\/04\/SALCHICAS-1-KG-CV-POLLO-150x150.png 150w, https:\/\/alfcan.shop\/wp-content\/uploads\/2024\/04\/SALCHICAS-1-KG-CV-POLLO-768x768.png 768w, https:\/\/alfcan.shop\/wp-content\/uploads\/2024\/04\/SALCHICAS-1-KG-CV-POLLO-600x600.png 600w, https:\/\/alfcan.shop\/wp-content\/uploads\/2024\/04\/SALCHICAS-1-KG-CV-POLLO-100x100.png 100w, https:\/\/alfcan.shop\/wp-content\/uploads\/2024\/04\/SALCHICAS-1-KG-CV-POLLO.png 1200w\" sizes=\"(max-width: 300px) 100vw, 300px\" \/><h2 class=\"woocommerce-loop-product__title\">Salchichas de Pollo ALFCAN\u2122 con Verduras para Perros 1 kg<\/h2>\n<\/a><a href=\"https:\/\/alfcan.shop\/?product=salchichas-de-pollo-alfcan-con-verduras-para-perros\" aria-describedby=\"woocommerce_loop_add_to_cart_link_describedby_213\" data-quantity=\"1\" class=\"button product_type_simple\" data-product_id=\"213\" data-product_sku=\"\" aria-label=\"Read more about &ldquo;Salchichas de Pollo ALFCAN\u2122 con Verduras para Perros 1 kg&rdquo;\" rel=\"nofollow\">Read more<\/a><span id=\"woocommerce_loop_add_to_cart_link_describedby_213\" class=\"screen-reader-text\">\n\t<\/span>\n<\/li>\n<li class=\"product type-product post-210 status-publish last instock product_cat-perro product_cat-salchicha product_tag-perro product_tag-salchicha has-post-thumbnail shipping-taxable product-type-simple\">\n\t<a href=\"https:\/\/alfcan.shop\/?product=salchicha-para-perro-multiproteina-de-1-kg\" class=\"woocommerce-LoopProduct-link woocommerce-loop-product__link\"><img loading=\"lazy\" decoding=\"async\" width=\"300\" height=\"300\" src=\"https:\/\/alfcan.shop\/wp-content\/uploads\/2024\/04\/SALCHICAS-1-KG-CV-MULTIPROTEIN-300x300.png\" class=\"attachment-woocommerce_thumbnail size-woocommerce_thumbnail\" alt=\"Salchichas Multiprote\u00ednas ALFCAN\u2122 con Verduras\" srcset=\"https:\/\/alfcan.shop\/wp-content\/uploads\/2024\/04\/SALCHICAS-1-KG-CV-MULTIPROTEIN-300x300.png 300w, https:\/\/alfcan.shop\/wp-content\/uploads\/2024\/04\/SALCHICAS-1-KG-CV-MULTIPROTEIN-1024x1024.png 1024w, https:\/\/alfcan.shop\/wp-content\/uploads\/2024\/04\/SALCHICAS-1-KG-CV-MULTIPROTEIN-150x150.png 150w, https:\/\/alfcan.shop\/wp-content\/uploads\/2024\/04\/SALCHICAS-1-KG-CV-MULTIPROTEIN-768x768.png 768w, https:\/\/alfcan.shop\/wp-content\/uploads\/2024\/04\/SALCHICAS-1-KG-CV-MULTIPROTEIN-600x600.png 600w, https:\/\/alfcan.shop\/wp-content\/uploads\/2024\/04\/SALCHICAS-1-KG-CV-MULTIPROTEIN-100x100.png 100w, https:\/\/alfcan.shop\/wp-content\/uploads\/2024\/04\/SALCHICAS-1-KG-CV-MULTIPROTEIN.png 1500w\" sizes=\"(max-width: 300px) 100vw, 300px\" \/><h2 class=\"woocommerce-loop-product__title\">Salchicha para perro multiproteina de 1 Kg<\/h2>\n<\/a><a href=\"https:\/\/alfcan.shop\/?product=salchicha-para-perro-multiproteina-de-1-kg\" aria-describedby=\"woocommerce_loop_add_to_cart_link_describedby_210\" data-quantity=\"1\" class=\"button product_type_simple\" data-product_id=\"210\" data-product_sku=\"\" aria-label=\"Read more about &ldquo;Salchicha para perro multiproteina de 1 Kg&rdquo;\" rel=\"nofollow\">Read more<\/a><span id=\"woocommerce_loop_add_to_cart_link_describedby_210\" class=\"screen-reader-text\">\n\t<\/span>\n<\/li>\n<\/ul>\n<\/div>\t\t\t\t<\/div>\n\t\t\t\t<\/div>\n\t\t\t\t<div class=\"elementor-element elementor-element-7c3c80d elementor-product-loop-item--align-center elementor-products-grid elementor-wc-products elementor-show-pagination-border-yes elementor-widget elementor-widget-wc-archive-products\" data-id=\"7c3c80d\" data-element_type=\"widget\" data-widget_type=\"wc-archive-products.default\">\n\t\t\t\t<div class=\"elementor-widget-container\">\n\t\t\t\t\t<div class=\"elementor-nothing-found elementor-products-nothing-found\">It seems we can&#039;t find what you&#039;re looking for.<\/div>\t\t\t\t<\/div>\n\t\t\t\t<\/div>\n\t\t\t\t\t<\/div>\n\t\t<\/div>\n\t\t\t\t\t<\/div>\n\t\t<\/section>\n\t\t\t\t<section class=\"elementor-section elementor-top-section elementor-element elementor-element-4c035183 elementor-section-boxed elementor-section-height-default elementor-section-height-default\" data-id=\"4c035183\" data-element_type=\"section\" data-settings=\"{&quot;background_background&quot;:&quot;classic&quot;}\">\n\t\t\t\t\t\t<div class=\"elementor-container elementor-column-gap-default\">\n\t\t\t\t\t<div class=\"elementor-column elementor-col-50 elementor-top-column elementor-element elementor-element-7813f7fd elementor-invisible\" data-id=\"7813f7fd\" data-element_type=\"column\" data-settings=\"{&quot;background_background&quot;:&quot;classic&quot;,&quot;animation&quot;:&quot;fadeInLeft&quot;}\">\n\t\t\t<div class=\"elementor-widget-wrap elementor-element-populated\">\n\t\t\t\t\t<div class=\"elementor-background-overlay\"><\/div>\n\t\t\t\t\t\t<div class=\"elementor-element elementor-element-6be76204 elementor-widget elementor-widget-image\" data-id=\"6be76204\" data-element_type=\"widget\" data-widget_type=\"image.default\">\n\t\t\t\t<div class=\"elementor-widget-container\">\n\t\t\t\t\t\t\t\t\t\t\t\t\t\t\t<img loading=\"lazy\" decoding=\"async\" width=\"512\" height=\"512\" src=\"https:\/\/alfcan.shop\/wp-content\/uploads\/2024\/04\/salchicha.png\" class=\"attachment-large size-large wp-image-143\" alt=\"\" srcset=\"https:\/\/alfcan.shop\/wp-content\/uploads\/2024\/04\/salchicha.png 512w, https:\/\/alfcan.shop\/wp-content\/uploads\/2024\/04\/salchicha-300x300.png 300w, https:\/\/alfcan.shop\/wp-content\/uploads\/2024\/04\/salchicha-150x150.png 150w, https:\/\/alfcan.shop\/wp-content\/uploads\/2024\/04\/salchicha-100x100.png 100w\" sizes=\"(max-width: 512px) 100vw, 512px\" \/>\t\t\t\t\t\t\t\t\t\t\t\t\t\t\t<\/div>\n\t\t\t\t<\/div>\n\t\t\t\t\t<\/div>\n\t\t<\/div>\n\t\t\t\t<div class=\"elementor-column elementor-col-50 elementor-top-column elementor-element elementor-element-659a6322 elementor-invisible\" data-id=\"659a6322\" data-element_type=\"column\" data-settings=\"{&quot;animation&quot;:&quot;fadeInRight&quot;}\">\n\t\t\t<div class=\"elementor-widget-wrap elementor-element-populated\">\n\t\t\t\t\t\t<div class=\"elementor-element elementor-element-9e68d68 elementor-widget elementor-widget-heading\" data-id=\"9e68d68\" data-element_type=\"widget\" data-widget_type=\"heading.default\">\n\t\t\t\t<div class=\"elementor-widget-container\">\n\t\t\t\t\t<h6 class=\"elementor-heading-title elementor-size-default\">Las m\u00e1s sabrosas y sanas<\/h6>\t\t\t\t<\/div>\n\t\t\t\t<\/div>\n\t\t\t\t<div class=\"elementor-element elementor-element-40272fa4 elementor-widget elementor-widget-heading\" data-id=\"40272fa4\" data-element_type=\"widget\" data-widget_type=\"heading.default\">\n\t\t\t\t<div class=\"elementor-widget-container\">\n\t\t\t\t\t<h2 class=\"elementor-heading-title elementor-size-default\">Explora Nuestra Variedad de Salchichas de Comida para Mascotas en ALFCAN\u2122<\/h2>\t\t\t\t<\/div>\n\t\t\t\t<\/div>\n\t\t\t\t<div class=\"elementor-element elementor-element-1c53ba87 elementor-widget-divider--view-line elementor-widget elementor-widget-divider\" data-id=\"1c53ba87\" data-element_type=\"widget\" data-widget_type=\"divider.default\">\n\t\t\t\t<div class=\"elementor-widget-container\">\n\t\t\t\t\t\t\t<div class=\"elementor-divider\">\n\t\t\t<span class=\"elementor-divider-separator\">\n\t\t\t\t\t\t<\/span>\n\t\t<\/div>\n\t\t\t\t\t\t<\/div>\n\t\t\t\t<\/div>\n\t\t\t\t<div class=\"elementor-element elementor-element-aac2d6f elementor-widget elementor-widget-text-editor\" data-id=\"aac2d6f\" data-element_type=\"widget\" data-widget_type=\"text-editor.default\">\n\t\t\t\t<div class=\"elementor-widget-container\">\n\t\t\t\t\t\t\t\t\t<p>En ALFCAN\u2122, creemos que cada mascota merece disfrutar de una comida deliciosa y nutritiva que tambi\u00e9n sea divertida de comer. Por eso hemos desarrollado una gama especial de salchichas de comida, pensadas para satisfacer los paladares de perros y gatos, a la vez que se asegura su salud y bienestar a trav\u00e9s de ingredientes de la m\u00e1s alta calidad.<\/p><p><strong>Sabor y Nutrici\u00f3n \u00d3ptima:<\/strong> Nuestras salchichas est\u00e1n disponibles en una variedad de sabores ricos y texturas jugosas que tus mascotas amar\u00e1n, incluyendo opciones como pollo, pavo, salm\u00f3n y combinaciones m\u00e1s ex\u00f3ticas como cerdo con pi\u00f1a. Cada salchicha est\u00e1 elaborada con carne fresca y complementada con frutas y vegetales, proporcionando un perfil nutricional completo y balanceado.<\/p><p><strong>Hechas con Ingredientes Naturales:<\/strong> Nos comprometemos a utilizar solo los mejores ingredientes naturales en nuestras recetas. Las salchichas ALFCAN\u2122 no contienen rellenos innecesarios, cereales, soya, colorantes ni conservantes artificiales, garantizando que est\u00e1s ofreciendo a tu mascota una comida saludable y segura.<\/p><p><strong>F\u00e1cil de Servir:<\/strong> Las salchichas de comida ALFCAN\u2122 son perfectas tanto para comidas principales como para premios durante el entrenamiento. Su formato pr\u00e1ctico permite una f\u00e1cil dosificaci\u00f3n y administraci\u00f3n, facilitando la alimentaci\u00f3n diaria y ayudando a mantener el inter\u00e9s de tu mascota en cada comida.<\/p><p><strong>Compromiso con la Sostenibilidad:<\/strong> En ALFCAN\u2122, no solo nos preocupamos por la nutrici\u00f3n de las mascotas, sino tambi\u00e9n por nuestro planeta. Es por esto que nuestras salchichas son envasadas en materiales reciclables, apoyando nuestros esfuerzos continuos para reducir la huella ambiental.<\/p><p>An\u00edmate a probar las salchichas de comida ALFCAN\u2122 y ve la diferencia en la felicidad y la salud de tu mascota. Perfectas para todas las razas y edades, nuestras salchichas prometen deleitar incluso a los comensales m\u00e1s exigentes de cuatro patas.<\/p>\t\t\t\t\t\t\t\t<\/div>\n\t\t\t\t<\/div>\n\t\t\t\t\t<\/div>\n\t\t<\/div>\n\t\t\t\t\t<\/div>\n\t\t<\/section>\n\t\t\t\t<\/div>\n\t\t","protected":false},"excerpt":{"rendered":"<p>Salchichas Gato Perro Latas Salchichas Juguetes Las m\u00e1s sabrosas y sanas Explora Nuestra Variedad de Salchichas de Comida para Mascotas en ALFCAN\u2122 En ALFCAN\u2122, creemos que cada mascota merece disfrutar de una comida deliciosa y nutritiva que tambi\u00e9n sea divertida de comer. Por eso hemos desarrollado una gama especial de salchichas de comida, pensadas para [&hellip;]<\/p>\n","protected":false},"author":1,"featured_media":0,"parent":0,"menu_order":0,"comment_status":"closed","ping_status":"closed","template":"","meta":{"om_disable_all_campaigns":false,"_monsterinsights_skip_tracking":false,"_monsterinsights_sitenote_active":false,"_monsterinsights_sitenote_note":"","_monsterinsights_sitenote_category":0,"footnotes":""},"aioseo_notices":[],"_links":{"self":[{"href":"https:\/\/alfcan.shop\/index.php?rest_route=\/wp\/v2\/pages\/308"}],"collection":[{"href":"https:\/\/alfcan.shop\/index.php?rest_route=\/wp\/v2\/pages"}],"about":[{"href":"https:\/\/alfcan.shop\/index.php?rest_route=\/wp\/v2\/types\/page"}],"author":[{"embeddable":true,"href":"https:\/\/alfcan.shop\/index.php?rest_route=\/wp\/v2\/users\/1"}],"replies":[{"embeddable":true,"href":"https:\/\/alfcan.shop\/index.php?rest_route=%2Fwp%2Fv2%2Fcomments&post=308"}],"version-history":[{"count":12,"href":"https:\/\/alfcan.shop\/index.php?rest_route=\/wp\/v2\/pages\/308\/revisions"}],"predecessor-version":[{"id":408,"href":"https:\/\/alfcan.shop\/index.php?rest_route=\/wp\/v2\/pages\/308\/revisions\/408"}],"wp:attachment":[{"href":"https:\/\/alfcan.shop\/index.php?rest_route=%2Fwp%2Fv2%2Fmedia&parent=308"}],"curies":[{"name":"wp","href":"https:\/\/api.w.org\/{rel}","templated":true}]}}