{"id":217,"date":"2024-04-25T18:08:40","date_gmt":"2024-04-25T16:08:40","guid":{"rendered":"https:\/\/alfcan.shop\/?post_type=product&#038;p=217"},"modified":"2024-05-08T19:46:45","modified_gmt":"2024-05-08T17:46:45","slug":"salchichas-de-cerdo-alfcan-con-verduras-para-perros","status":"publish","type":"product","link":"https:\/\/alfcan.shop\/?product=salchichas-de-cerdo-alfcan-con-verduras-para-perros","title":{"rendered":"Salchichas de Cerdo ALFCAN\u2122 con Verduras para Perros 1 kg"},"content":{"rendered":"<h2><strong>Beneficios Clave Salchichas de Cerdo ALFCAN\u2122 con Verduras para Perros:<\/strong><\/h2>\n<ul>\n<li><strong>Prote\u00edna de Cerdo de Calidad:<\/strong> Nutrici\u00f3n esencial que contribuye al desarrollo de masa muscular fuerte y saludable.<\/li>\n<li><strong>Enriquecido con Verduras:<\/strong> Un aporte extra de vitaminas y minerales para reforzar el sistema inmunol\u00f3gico y promover una digesti\u00f3n saludable.<\/li>\n<li><strong>Alimento Completo y Balanceado:<\/strong> Formulado para cumplir con todas las necesidades nutricionales de tu perro como parte de su dieta diaria.<\/li>\n<li><strong>Sin Aditivos Artificiales:<\/strong> Sin conservantes, colorantes ni sabores artificiales, ofreciendo una alimentaci\u00f3n m\u00e1s cercana a la naturaleza.<\/li>\n<li><strong>Preparaci\u00f3n Pr\u00e1ctica:<\/strong> F\u00e1cil de dosificar y servir, perfectas para alimentar a tu perro en casa o como snack nutritivo en movilidad.<\/li>\n<\/ul>\n","protected":false},"excerpt":{"rendered":"<p>Las Salchichas de Cerdo ALFCAN\u2122 con Verduras ofrecen a tu perro un sabor irresistible y una nutrici\u00f3n superior. Estas salchichas premium est\u00e1n preparadas con carne de cerdo de alta calidad, proporcionando una fuente rica en prote\u00ednas y energ\u00eda sostenida. Combinadas con una selecci\u00f3n de verduras frescas y nutritivas, cada bocado es una garant\u00eda de sabor y bienestar, sin comprometer la salud de tu mascota.<\/p>\n","protected":false},"featured_media":218,"comment_status":"closed","ping_status":"closed","template":"","meta":{"om_disable_all_campaigns":false,"_monsterinsights_skip_tracking":false,"_monsterinsights_sitenote_active":false,"_monsterinsights_sitenote_note":"","_monsterinsights_sitenote_category":0},"product_cat":[31,32],"product_tag":[34,33],"aioseo_notices":[],"_links":{"self":[{"href":"https:\/\/alfcan.shop\/index.php?rest_route=\/wp\/v2\/product\/217"}],"collection":[{"href":"https:\/\/alfcan.shop\/index.php?rest_route=\/wp\/v2\/product"}],"about":[{"href":"https:\/\/alfcan.shop\/index.php?rest_route=\/wp\/v2\/types\/product"}],"replies":[{"embeddable":true,"href":"https:\/\/alfcan.shop\/index.php?rest_route=%2Fwp%2Fv2%2Fcomments&post=217"}],"wp:featuredmedia":[{"embeddable":true,"href":"https:\/\/alfcan.shop\/index.php?rest_route=\/wp\/v2\/media\/218"}],"wp:attachment":[{"href":"https:\/\/alfcan.shop\/index.php?rest_route=%2Fwp%2Fv2%2Fmedia&parent=217"}],"wp:term":[{"taxonomy":"product_cat","embeddable":true,"href":"https:\/\/alfcan.shop\/index.php?rest_route=%2Fwp%2Fv2%2Fproduct_cat&post=217"},{"taxonomy":"product_tag","embeddable":true,"href":"https:\/\/alfcan.shop\/index.php?rest_route=%2Fwp%2Fv2%2Fproduct_tag&post=217"}],"curies":[{"name":"wp","href":"https:\/\/api.w.org\/{rel}","templated":true}]}}